{"id":3883,"date":"2025-10-21T04:58:12","date_gmt":"2025-10-21T04:58:12","guid":{"rendered":"https:\/\/gharjistan.org\/?page_id=3883"},"modified":"2025-10-21T06:44:46","modified_gmt":"2025-10-21T06:44:46","slug":"banoo-online-school","status":"publish","type":"page","link":"https:\/\/gharjistan.org\/?page_id=3883","title":{"rendered":"Banoo Online School"},"content":{"rendered":"\t\t<div data-elementor-type=\"wp-page\" data-elementor-id=\"3883\" class=\"elementor elementor-3883\">\n\t\t\t\t<div class=\"elementor-element elementor-element-5b17a78 e-flex e-con-boxed e-con e-parent\" data-id=\"5b17a78\" data-element_type=\"container\" data-settings=\"{&quot;background_background&quot;:&quot;classic&quot;}\">\n\t\t\t\t\t<div class=\"e-con-inner\">\n\t\t<div class=\"elementor-element elementor-element-dfc86ff e-con-full e-flex e-con e-child\" data-id=\"dfc86ff\" data-element_type=\"container\">\n\t\t<div class=\"elementor-element elementor-element-331c956 e-grid e-con-full e-con e-child\" data-id=\"331c956\" data-element_type=\"container\">\n\t\t\t\t<div class=\"elementor-element elementor-element-3a0b45a elementor-widget elementor-widget-image\" data-id=\"3a0b45a\" data-element_type=\"widget\" data-widget_type=\"image.default\">\n\t\t\t\t\t\t\t\t\t\t\t\t\t\t\t<img decoding=\"async\" width=\"150\" height=\"150\" src=\"https:\/\/gharjistan.org\/wp-content\/uploads\/2025\/09\/photo_2025-09-17_08-19-55-150x150.jpg\" class=\"attachment-thumbnail size-thumbnail wp-image-3548\" alt=\"\" srcset=\"https:\/\/gharjistan.org\/wp-content\/uploads\/2025\/09\/photo_2025-09-17_08-19-55-150x150.jpg 150w, https:\/\/gharjistan.org\/wp-content\/uploads\/2025\/09\/photo_2025-09-17_08-19-55-298x300.jpg 298w, https:\/\/gharjistan.org\/wp-content\/uploads\/2025\/09\/photo_2025-09-17_08-19-55-768x774.jpg 768w, https:\/\/gharjistan.org\/wp-content\/uploads\/2025\/09\/photo_2025-09-17_08-19-55.jpg 952w\" sizes=\"(max-width: 150px) 100vw, 150px\" \/>\t\t\t\t\t\t\t\t\t\t\t\t\t\t\t<\/div>\n\t\t\t\t<div class=\"elementor-element elementor-element-686531e elementor-widget elementor-widget-heading\" data-id=\"686531e\" data-element_type=\"widget\" data-widget_type=\"heading.default\">\n\t\t\t\t\t<h2 class=\"elementor-heading-title elementor-size-default\">\u00dcber die Banou Online Schule<\/h2>\t\t\t\t<\/div>\n\t\t\t\t<\/div>\n\t\t\t\t<\/div>\n\t\t<div class=\"elementor-element elementor-element-94cc4aa e-con-full e-flex e-con e-child\" data-id=\"94cc4aa\" data-element_type=\"container\">\n\t\t\t\t<div class=\"elementor-element elementor-element-fd287a0 elementor-widget elementor-widget-text-editor\" data-id=\"fd287a0\" data-element_type=\"widget\" data-widget_type=\"text-editor.default\">\n\t\t\t\t\t\t\t\t\t<p><span style=\"color: #000000;\">Angesichts des Bildungsverbots f\u00fcr M\u00e4dchen in Afghanistan durch die Taliban hat der <strong data-start=\"214\" data-end=\"235\">Gharjistan Verein<\/strong> eine alternative L\u00f6sung ins Leben gerufen \u2013 die <strong data-start=\"284\" data-end=\"307\">Banou Online School<\/strong>.<\/span><br data-start=\"308\" data-end=\"311\" \/><span style=\"color: #000000;\">Diese Schule bietet mit Unterst\u00fctzung von 15 Lehrerinnen und Lehrern in Afghanistan \u00fcber <strong data-start=\"400\" data-end=\"415\">300 M\u00e4dchen<\/strong> die M\u00f6glichkeit, sicher und im Geheimen von zu Hause aus zu lernen.<\/span><br data-start=\"483\" data-end=\"486\" \/><span style=\"color: #000000;\">Ziel dieses Projekts ist es, <strong data-start=\"515\" data-end=\"562\">kostenlose, sichere und zug\u00e4ngliche Bildung<\/strong> f\u00fcr M\u00e4dchen bereitzustellen und die <strong data-start=\"599\" data-end=\"665\">persische Sprache als wichtigen Teil der kulturellen Identit\u00e4t<\/strong> zu bewahren.<\/span><\/p>\t\t\t\t\t\t\t\t<\/div>\n\t\t\t\t<\/div>\n\t\t<div class=\"elementor-element elementor-element-69c321d e-con-full e-flex e-con e-child\" data-id=\"69c321d\" data-element_type=\"container\" data-settings=\"{&quot;background_background&quot;:&quot;classic&quot;}\">\n\t\t\t\t<div class=\"elementor-element elementor-element-8992cb9 elementor-widget elementor-widget-counter\" data-id=\"8992cb9\" data-element_type=\"widget\" data-widget_type=\"counter.default\">\n\t\t\t\t\t\t\t<div class=\"elementor-counter\">\n\t\t\t<h2 class=\"elementor-counter-title\">Sch\u00fclerinnen<\/h2>\t\t\t<div class=\"elementor-counter-number-wrapper\">\n\t\t\t\t<span class=\"elementor-counter-number-prefix\"><\/span>\n\t\t\t\t<span class=\"elementor-counter-number\" data-duration=\"2000\" data-to-value=\"300\" data-from-value=\"0\" data-delimiter=\"&#039;\">0<\/span>\n\t\t\t\t<span class=\"elementor-counter-number-suffix\"><\/span>\n\t\t\t<\/div>\n\t\t<\/div>\n\t\t\t\t\t\t<\/div>\n\t\t\t\t<\/div>\n\t\t<div class=\"elementor-element elementor-element-62a585c e-con-full e-flex e-con e-child\" data-id=\"62a585c\" data-element_type=\"container\">\n\t\t\t\t<div class=\"elementor-element elementor-element-3e076ce elementor-widget-divider--view-line elementor-widget elementor-widget-divider\" data-id=\"3e076ce\" data-element_type=\"widget\" data-widget_type=\"divider.default\">\n\t\t\t\t\t\t\t<div class=\"elementor-divider\">\n\t\t\t<span class=\"elementor-divider-separator\">\n\t\t\t\t\t\t<\/span>\n\t\t<\/div>\n\t\t\t\t\t\t<\/div>\n\t\t\t\t<\/div>\n\t\t<div class=\"elementor-element elementor-element-c972005 e-con-full e-flex e-con e-child\" data-id=\"c972005\" data-element_type=\"container\">\n\t\t\t\t<div class=\"elementor-element elementor-element-bbc6016 elementor-widget elementor-widget-image\" data-id=\"bbc6016\" data-element_type=\"widget\" data-widget_type=\"image.default\">\n\t\t\t\t\t\t\t\t\t\t\t\t\t\t\t<img fetchpriority=\"high\" decoding=\"async\" width=\"640\" height=\"379\" src=\"https:\/\/gharjistan.org\/wp-content\/uploads\/2025\/10\/WhatsApp-Image-2025-10-20-at-23.37.51-1024x607.jpeg\" class=\"attachment-large size-large wp-image-3908\" alt=\"\" srcset=\"https:\/\/gharjistan.org\/wp-content\/uploads\/2025\/10\/WhatsApp-Image-2025-10-20-at-23.37.51-1024x607.jpeg 1024w, https:\/\/gharjistan.org\/wp-content\/uploads\/2025\/10\/WhatsApp-Image-2025-10-20-at-23.37.51-300x178.jpeg 300w, https:\/\/gharjistan.org\/wp-content\/uploads\/2025\/10\/WhatsApp-Image-2025-10-20-at-23.37.51-768x455.jpeg 768w, https:\/\/gharjistan.org\/wp-content\/uploads\/2025\/10\/WhatsApp-Image-2025-10-20-at-23.37.51.jpeg 1250w\" sizes=\"(max-width: 640px) 100vw, 640px\" \/>\t\t\t\t\t\t\t\t\t\t\t\t\t\t\t<\/div>\n\t\t\t\t<\/div>\n\t\t<div class=\"elementor-element elementor-element-6ec5161 e-con-full e-flex e-con e-child\" data-id=\"6ec5161\" data-element_type=\"container\">\n\t\t\t\t<div class=\"elementor-element elementor-element-81bf348 elementor-widget elementor-widget-heading\" data-id=\"81bf348\" data-element_type=\"widget\" data-widget_type=\"heading.default\">\n\t\t\t\t\t<span class=\"elementor-heading-title elementor-size-default\"><a href=\"https:\/\/banoo-online-school.com\/?page_id=418&#038;lang=fa\">Besuchen Sie die offizielle Webseite der Banou Online School:<\/a><\/span>\t\t\t\t<\/div>\n\t\t\t\t<div class=\"elementor-element elementor-element-62100dd elementor-widget elementor-widget-heading\" data-id=\"62100dd\" data-element_type=\"widget\" data-widget_type=\"heading.default\">\n\t\t\t\t\t<span class=\"elementor-heading-title elementor-size-default\"><a href=\"https:\/\/class.banoo-online-school.com\/\">Erfahren Sie mehr \u00fcber unsere Bildungsinitiative auf der Banou Online School Plattform:\n<\/a><\/span>\t\t\t\t<\/div>\n\t\t\t\t<\/div>\n\t\t<div class=\"elementor-element elementor-element-ab2a214 e-con-full e-flex e-con e-child\" data-id=\"ab2a214\" data-element_type=\"container\">\n\t\t\t\t<div class=\"elementor-element elementor-element-4ad0c9c elementor-shape-rounded elementor-grid-0 e-grid-align-center elementor-widget elementor-widget-social-icons\" data-id=\"4ad0c9c\" data-element_type=\"widget\" data-widget_type=\"social-icons.default\">\n\t\t\t\t\t\t\t<div class=\"elementor-social-icons-wrapper elementor-grid\" role=\"list\">\n\t\t\t\t\t\t\t<span class=\"elementor-grid-item\" role=\"listitem\">\n\t\t\t\t\t<a class=\"elementor-icon elementor-social-icon elementor-social-icon-facebook elementor-repeater-item-e711a40\" href=\"https:\/\/www.facebook.com\/education4banoo\/\" target=\"_blank\">\n\t\t\t\t\t\t<span class=\"elementor-screen-only\">Facebook<\/span>\n\t\t\t\t\t\t<svg aria-hidden=\"true\" class=\"e-font-icon-svg e-fab-facebook\" viewBox=\"0 0 512 512\" xmlns=\"http:\/\/www.w3.org\/2000\/svg\"><path d=\"M504 256C504 119 393 8 256 8S8 119 8 256c0 123.78 90.69 226.38 209.25 245V327.69h-63V256h63v-54.64c0-62.15 37-96.48 93.67-96.48 27.14 0 55.52 4.84 55.52 4.84v61h-31.28c-30.8 0-40.41 19.12-40.41 38.73V256h68.78l-11 71.69h-57.78V501C413.31 482.38 504 379.78 504 256z\"><\/path><\/svg>\t\t\t\t\t<\/a>\n\t\t\t\t<\/span>\n\t\t\t\t\t\t\t<span class=\"elementor-grid-item\" role=\"listitem\">\n\t\t\t\t\t<a class=\"elementor-icon elementor-social-icon elementor-social-icon-instagram elementor-repeater-item-b449743\" href=\"https:\/\/www.instagram.com\/education4banoo?igsh=MW9zbjRpaXE5OGEwdg==\" target=\"_blank\">\n\t\t\t\t\t\t<span class=\"elementor-screen-only\">Instagram<\/span>\n\t\t\t\t\t\t<svg aria-hidden=\"true\" class=\"e-font-icon-svg e-fab-instagram\" viewBox=\"0 0 448 512\" xmlns=\"http:\/\/www.w3.org\/2000\/svg\"><path d=\"M224.1 141c-63.6 0-114.9 51.3-114.9 114.9s51.3 114.9 114.9 114.9S339 319.5 339 255.9 287.7 141 224.1 141zm0 189.6c-41.1 0-74.7-33.5-74.7-74.7s33.5-74.7 74.7-74.7 74.7 33.5 74.7 74.7-33.6 74.7-74.7 74.7zm146.4-194.3c0 14.9-12 26.8-26.8 26.8-14.9 0-26.8-12-26.8-26.8s12-26.8 26.8-26.8 26.8 12 26.8 26.8zm76.1 27.2c-1.7-35.9-9.9-67.7-36.2-93.9-26.2-26.2-58-34.4-93.9-36.2-37-2.1-147.9-2.1-184.9 0-35.8 1.7-67.6 9.9-93.9 36.1s-34.4 58-36.2 93.9c-2.1 37-2.1 147.9 0 184.9 1.7 35.9 9.9 67.7 36.2 93.9s58 34.4 93.9 36.2c37 2.1 147.9 2.1 184.9 0 35.9-1.7 67.7-9.9 93.9-36.2 26.2-26.2 34.4-58 36.2-93.9 2.1-37 2.1-147.8 0-184.8zM398.8 388c-7.8 19.6-22.9 34.7-42.6 42.6-29.5 11.7-99.5 9-132.1 9s-102.7 2.6-132.1-9c-19.6-7.8-34.7-22.9-42.6-42.6-11.7-29.5-9-99.5-9-132.1s-2.6-102.7 9-132.1c7.8-19.6 22.9-34.7 42.6-42.6 29.5-11.7 99.5-9 132.1-9s102.7-2.6 132.1 9c19.6 7.8 34.7 22.9 42.6 42.6 11.7 29.5 9 99.5 9 132.1s2.7 102.7-9 132.1z\"><\/path><\/svg>\t\t\t\t\t<\/a>\n\t\t\t\t<\/span>\n\t\t\t\t\t<\/div>\n\t\t\t\t\t\t<\/div>\n\t\t\t\t<\/div>\n\t\t\t\t\t<\/div>\n\t\t\t\t<\/div>\n\t\t<div class=\"elementor-element elementor-element-08c5e6a e-flex e-con-boxed e-con e-parent\" data-id=\"08c5e6a\" data-element_type=\"container\">\n\t\t\t\t\t<div class=\"e-con-inner\">\n\t\t\t\t\t<\/div>\n\t\t\t\t<\/div>\n\t\t\t\t<\/div>\n\t\t","protected":false},"excerpt":{"rendered":"<p>\u00dcber die Banou Online Schule Angesichts des Bildungsverbots f\u00fcr M\u00e4dchen in Afghanistan durch die Taliban hat der Gharjistan Verein eine&hellip;<\/p>\n","protected":false},"author":3,"featured_media":0,"parent":0,"menu_order":0,"comment_status":"closed","ping_status":"closed","template":"","meta":{"give_campaign_id":0,"footnotes":""},"class_list":["post-3883","page","type-page","status-publish","hentry"],"campaignId":"","_links":{"self":[{"href":"https:\/\/gharjistan.org\/index.php?rest_route=\/wp\/v2\/pages\/3883","targetHints":{"allow":["GET"]}}],"collection":[{"href":"https:\/\/gharjistan.org\/index.php?rest_route=\/wp\/v2\/pages"}],"about":[{"href":"https:\/\/gharjistan.org\/index.php?rest_route=\/wp\/v2\/types\/page"}],"author":[{"embeddable":true,"href":"https:\/\/gharjistan.org\/index.php?rest_route=\/wp\/v2\/users\/3"}],"replies":[{"embeddable":true,"href":"https:\/\/gharjistan.org\/index.php?rest_route=%2Fwp%2Fv2%2Fcomments&post=3883"}],"version-history":[{"count":25,"href":"https:\/\/gharjistan.org\/index.php?rest_route=\/wp\/v2\/pages\/3883\/revisions"}],"predecessor-version":[{"id":3911,"href":"https:\/\/gharjistan.org\/index.php?rest_route=\/wp\/v2\/pages\/3883\/revisions\/3911"}],"wp:attachment":[{"href":"https:\/\/gharjistan.org\/index.php?rest_route=%2Fwp%2Fv2%2Fmedia&parent=3883"}],"curies":[{"name":"wp","href":"https:\/\/api.w.org\/{rel}","templated":true}]}}