{"id":3639,"date":"2025-10-19T07:09:22","date_gmt":"2025-10-19T07:09:22","guid":{"rendered":"https:\/\/gharjistan.org\/?page_id=3639"},"modified":"2025-10-21T07:42:00","modified_gmt":"2025-10-21T07:42:00","slug":"collaboration","status":"publish","type":"page","link":"https:\/\/gharjistan.org\/?page_id=3639","title":{"rendered":"Zusammenarbeit"},"content":{"rendered":"\t\t<div data-elementor-type=\"wp-page\" data-elementor-id=\"3639\" class=\"elementor elementor-3639\">\n\t\t\t\t<div class=\"elementor-element elementor-element-1e3845b e-flex e-con-boxed e-con e-parent\" data-id=\"1e3845b\" data-element_type=\"container\">\n\t\t\t\t\t<div class=\"e-con-inner\">\n\t\t\t\t<div class=\"elementor-element elementor-element-db16bbc elementor-widget elementor-widget-heading\" data-id=\"db16bbc\" data-element_type=\"widget\" data-widget_type=\"heading.default\">\n\t\t\t\t\t<h2 class=\"elementor-heading-title elementor-size-default\">Gemeinsam mehr erreichen \u2013 Collaboration mit Gharjistan e.V<\/h2>\t\t\t\t<\/div>\n\t\t\t\t\t<\/div>\n\t\t\t\t<\/div>\n\t\t<div class=\"elementor-element elementor-element-84ee388 e-flex e-con-boxed e-con e-parent\" data-id=\"84ee388\" data-element_type=\"container\">\n\t\t\t\t\t<div class=\"e-con-inner\">\n\t\t\t\t<div class=\"elementor-element elementor-element-fcc69d4 elementor-widget elementor-widget-text-editor\" data-id=\"fcc69d4\" data-element_type=\"widget\" data-widget_type=\"text-editor.default\">\n\t\t\t\t\t\t\t\t\t<p style=\"text-align: left;\" data-start=\"321\" data-end=\"593\">Wir arbeiten mit Freiwilligen, Medienprojekten, kulturellen Organisationen und Partnern zusammen, um Migrantinnen und Migranten zu unterst\u00fctzen, Bildung zu f\u00f6rdern und interkulturellen Dialog zu st\u00e4rken.<\/p>\t\t\t\t\t\t\t\t<\/div>\n\t\t\t\t\t<\/div>\n\t\t\t\t<\/div>\n\t\t<div class=\"elementor-element elementor-element-4ca4a46 e-flex e-con-boxed e-con e-parent\" data-id=\"4ca4a46\" data-element_type=\"container\">\n\t\t\t\t\t<div class=\"e-con-inner\">\n\t\t\t\t<div class=\"elementor-element elementor-element-f3fdfa8 elementor-widget elementor-widget-heading\" data-id=\"f3fdfa8\" data-element_type=\"widget\" data-widget_type=\"heading.default\">\n\t\t\t\t\t<h2 class=\"elementor-heading-title elementor-size-default\">Arten der Zusammenarbeit<\/h2>\t\t\t\t<\/div>\n\t\t\t\t\t<\/div>\n\t\t\t\t<\/div>\n\t\t<div class=\"elementor-element elementor-element-4e90155 e-flex e-con-boxed e-con e-parent\" data-id=\"4e90155\" data-element_type=\"container\">\n\t\t\t\t\t<div class=\"e-con-inner\">\n\t\t<div class=\"elementor-element elementor-element-ff6005b e-grid e-con-full e-con e-child\" data-id=\"ff6005b\" data-element_type=\"container\">\n\t\t\t\t<div class=\"elementor-element elementor-element-95f5be4 elementor-widget elementor-widget-heading\" data-id=\"95f5be4\" data-element_type=\"widget\" data-widget_type=\"heading.default\">\n\t\t\t\t\t<h2 class=\"elementor-heading-title elementor-size-default\">Zusammenarbeit<\/h2>\t\t\t\t<\/div>\n\t\t\t\t<div class=\"elementor-element elementor-element-79e9f3c elementor-widget elementor-widget-heading\" data-id=\"79e9f3c\" data-element_type=\"widget\" data-widget_type=\"heading.default\">\n\t\t\t\t\t<h2 class=\"elementor-heading-title elementor-size-default\">Beschreibung<\/h2>\t\t\t\t<\/div>\n\t\t\t\t<div class=\"elementor-element elementor-element-4f2cc82 elementor-widget elementor-widget-heading\" data-id=\"4f2cc82\" data-element_type=\"widget\" data-widget_type=\"heading.default\">\n\t\t\t\t\t<h4 class=\"elementor-heading-title elementor-size-default\">Freiwilligenarbeit<\/h4>\t\t\t\t<\/div>\n\t\t\t\t<div class=\"elementor-element elementor-element-fdd53f2 elementor-widget elementor-widget-text-editor\" data-id=\"fdd53f2\" data-element_type=\"widget\" data-widget_type=\"text-editor.default\">\n\t\t\t\t\t\t\t\t\t<p>Mitarbeit in Kursen, Workshops, Veranstaltungen oder Projekten<\/p>\t\t\t\t\t\t\t\t<\/div>\n\t\t\t\t<div class=\"elementor-element elementor-element-ebe17b1 elementor-widget elementor-widget-heading\" data-id=\"ebe17b1\" data-element_type=\"widget\" data-widget_type=\"heading.default\">\n\t\t\t\t\t<h4 class=\"elementor-heading-title elementor-size-default\">Medien &amp; Content<\/h4>\t\t\t\t<\/div>\n\t\t\t\t<div class=\"elementor-element elementor-element-a12d1a3 elementor-widget elementor-widget-text-editor\" data-id=\"a12d1a3\" data-element_type=\"widget\" data-widget_type=\"text-editor.default\">\n\t\t\t\t\t\t\t\t\t<p>Unterst\u00fctzung bei Medienprojekten, Erstellung von Berichten, Videos oder Artikeln.<\/p>\t\t\t\t\t\t\t\t<\/div>\n\t\t\t\t<div class=\"elementor-element elementor-element-05fc55c elementor-widget elementor-widget-heading\" data-id=\"05fc55c\" data-element_type=\"widget\" data-widget_type=\"heading.default\">\n\t\t\t\t\t<h4 class=\"elementor-heading-title elementor-size-default\">Partnerschaften<\/h4>\t\t\t\t<\/div>\n\t\t\t\t<div class=\"elementor-element elementor-element-1cb971a elementor-widget elementor-widget-text-editor\" data-id=\"1cb971a\" data-element_type=\"widget\" data-widget_type=\"text-editor.default\">\n\t\t\t\t\t\t\t\t\t<p>Kooperation mit Organisationen und Unternehmen zur finanziellen oder materiellen Unterst\u00fctzung.<\/p>\t\t\t\t\t\t\t\t<\/div>\n\t\t\t\t<div class=\"elementor-element elementor-element-d2c2baa elementor-widget elementor-widget-heading\" data-id=\"d2c2baa\" data-element_type=\"widget\" data-widget_type=\"heading.default\">\n\t\t\t\t\t<h4 class=\"elementor-heading-title elementor-size-default\">Bildungsprojekte<\/h4>\t\t\t\t<\/div>\n\t\t\t\t<div class=\"elementor-element elementor-element-3fb516a elementor-widget elementor-widget-text-editor\" data-id=\"3fb516a\" data-element_type=\"widget\" data-widget_type=\"text-editor.default\">\n\t\t\t\t\t\t\t\t\t<p>Mitarbeit in Online-Schulen und Bildungsprogrammen.<\/p>\t\t\t\t\t\t\t\t<\/div>\n\t\t\t\t<\/div>\n\t\t\t\t\t<\/div>\n\t\t\t\t<\/div>\n\t\t<div class=\"elementor-element elementor-element-b6e16ac e-flex e-con-boxed e-con e-parent\" data-id=\"b6e16ac\" data-element_type=\"container\">\n\t\t\t\t\t<div class=\"e-con-inner\">\n\t\t\t\t<div class=\"elementor-element elementor-element-393b032 elementor-widget elementor-widget-spacer\" data-id=\"393b032\" data-element_type=\"widget\" data-widget_type=\"spacer.default\">\n\t\t\t\t\t\t\t<div class=\"elementor-spacer\">\n\t\t\t<div class=\"elementor-spacer-inner\"><\/div>\n\t\t<\/div>\n\t\t\t\t\t\t<\/div>\n\t\t\t\t\t<\/div>\n\t\t\t\t<\/div>\n\t\t<div class=\"elementor-element elementor-element-24bd13a e-flex e-con-boxed e-con e-parent\" data-id=\"24bd13a\" data-element_type=\"container\">\n\t\t\t\t\t<div class=\"e-con-inner\">\n\t\t\t\t<div class=\"elementor-element elementor-element-e2d4843 elementor-widget elementor-widget-heading\" data-id=\"e2d4843\" data-element_type=\"widget\" data-widget_type=\"heading.default\">\n\t\t\t\t\t<h2 class=\"elementor-heading-title elementor-size-default\">Laufende Projekte &amp; Partner:<\/h2>\t\t\t\t<\/div>\n\t\t\t\t\t<\/div>\n\t\t\t\t<\/div>\n\t\t<div class=\"elementor-element elementor-element-abc1a95 e-flex e-con-boxed e-con e-parent\" data-id=\"abc1a95\" data-element_type=\"container\">\n\t\t\t\t\t<div class=\"e-con-inner\">\n\t\t\t\t<div class=\"elementor-element elementor-element-0a89108 elementor-widget elementor-widget-text-editor\" data-id=\"0a89108\" data-element_type=\"widget\" data-widget_type=\"text-editor.default\">\n\t\t\t\t\t\t\t\t\t<p>Hier finden Sie unsere aktuellen Projekte und Partner:<\/p>\t\t\t\t\t\t\t\t<\/div>\n\t\t\t\t\t<\/div>\n\t\t\t\t<\/div>\n\t\t<div class=\"elementor-element elementor-element-21b4987 e-flex e-con-boxed e-con e-parent\" data-id=\"21b4987\" data-element_type=\"container\">\n\t\t\t\t\t<div class=\"e-con-inner\">\n\t\t\t\t<div class=\"elementor-element elementor-element-1d900c5 e-n-tabs-mobile elementor-widget elementor-widget-n-tabs\" data-id=\"1d900c5\" data-element_type=\"widget\" data-settings=\"{&quot;horizontal_scroll&quot;:&quot;disable&quot;}\" data-widget_type=\"nested-tabs.default\">\n\t\t\t\t\t\t\t<div class=\"e-n-tabs\" data-widget-number=\"30998725\" aria-label=\"Tabs. Open items with Enter or Space, close with Escape and navigate using the Arrow keys.\">\n\t\t\t<div class=\"e-n-tabs-heading\" role=\"tablist\">\n\t\t\t\t\t<button id=\"e-n-tab-title-309987251\" class=\"e-n-tab-title\" aria-selected=\"true\" data-tab-index=\"1\" role=\"tab\" tabindex=\"0\" aria-controls=\"e-n-tab-content-309987251\" style=\"--n-tabs-title-order: 1;\">\n\t\t\t\t\t\t<span class=\"e-n-tab-title-text\">\n\t\t\t\tRahkar Institute\t\t\t<\/span>\n\t\t<\/button>\n\t\t\t\t<button id=\"e-n-tab-title-309987252\" class=\"e-n-tab-title\" aria-selected=\"false\" data-tab-index=\"2\" role=\"tab\" tabindex=\"-1\" aria-controls=\"e-n-tab-content-309987252\" style=\"--n-tabs-title-order: 2;\">\n\t\t\t\t\t\t<span class=\"e-n-tab-title-text\">\n\t\t\t\tHazara Union\t\t\t<\/span>\n\t\t<\/button>\n\t\t\t\t<button id=\"e-n-tab-title-309987253\" class=\"e-n-tab-title\" aria-selected=\"false\" data-tab-index=\"3\" role=\"tab\" tabindex=\"-1\" aria-controls=\"e-n-tab-content-309987253\" style=\"--n-tabs-title-order: 3;\">\n\t\t\t\t\t\t<span class=\"e-n-tab-title-text\">\n\t\t\t\tBanoo Online School\t\t\t<\/span>\n\t\t<\/button>\n\t\t\t\t<button id=\"e-n-tab-title-309987254\" class=\"e-n-tab-title\" aria-selected=\"false\" data-tab-index=\"4\" role=\"tab\" tabindex=\"-1\" aria-controls=\"e-n-tab-content-309987254\" style=\"--n-tabs-title-order: 4;\">\n\t\t\t\t\t\t<span class=\"e-n-tab-title-text\">\n\t\t\t\tPersisch-Sprachkurse\t\t\t<\/span>\n\t\t<\/button>\n\t\t\t\t<button id=\"e-n-tab-title-309987255\" class=\"e-n-tab-title\" aria-selected=\"false\" data-tab-index=\"5\" role=\"tab\" tabindex=\"-1\" aria-controls=\"e-n-tab-content-309987255\" style=\"--n-tabs-title-order: 5;\">\n\t\t\t\t\t\t<span class=\"e-n-tab-title-text\">\n\t\t\t\tDAI News\t\t\t<\/span>\n\t\t<\/button>\n\t\t\t\t<button id=\"e-n-tab-title-309987256\" class=\"e-n-tab-title\" aria-selected=\"false\" data-tab-index=\"6\" role=\"tab\" tabindex=\"-1\" aria-controls=\"e-n-tab-content-309987256\" style=\"--n-tabs-title-order: 6;\">\n\t\t\t\t\t\t<span class=\"e-n-tab-title-text\">\n\t\t\t\tGenoSite Hazara\t\t\t<\/span>\n\t\t<\/button>\n\t\t\t\t\t<\/div>\n\t\t\t<div class=\"e-n-tabs-content\">\n\t\t\t\t<div id=\"e-n-tab-content-309987251\" role=\"tabpanel\" aria-labelledby=\"e-n-tab-title-309987251\" data-tab-index=\"1\" style=\"--n-tabs-title-order: 1;\" class=\"e-active elementor-element elementor-element-be07cf0 e-con-full e-flex e-con e-child\" data-id=\"be07cf0\" data-element_type=\"container\">\n\t\t<div class=\"elementor-element elementor-element-a3cd44e e-flex e-con-boxed e-con e-child\" data-id=\"a3cd44e\" data-element_type=\"container\">\n\t\t\t\t\t<div class=\"e-con-inner\">\n\t\t\t\t<div class=\"elementor-element elementor-element-3296df2 elementor-widget elementor-widget-text-editor\" data-id=\"3296df2\" data-element_type=\"widget\" data-widget_type=\"text-editor.default\">\n\t\t\t\t\t\t\t\t\t<p>Lorem ipsum dolor sit amet, consectetur adipiscing elit. Ut elit tellus, luctus nec ullamcorper mattis, pulvinar dapibus leo.<\/p>\t\t\t\t\t\t\t\t<\/div>\n\t\t\t\t\t<\/div>\n\t\t\t\t<\/div>\n\t\t\t\t<\/div>\n\t\t<div id=\"e-n-tab-content-309987252\" role=\"tabpanel\" aria-labelledby=\"e-n-tab-title-309987252\" data-tab-index=\"2\" style=\"--n-tabs-title-order: 2;\" class=\" elementor-element elementor-element-f606eea e-con-full e-flex e-con e-child\" data-id=\"f606eea\" data-element_type=\"container\">\n\t\t\t\t<\/div>\n\t\t<div id=\"e-n-tab-content-309987253\" role=\"tabpanel\" aria-labelledby=\"e-n-tab-title-309987253\" data-tab-index=\"3\" style=\"--n-tabs-title-order: 3;\" class=\" elementor-element elementor-element-b54085f e-con-full e-flex e-con e-child\" data-id=\"b54085f\" data-element_type=\"container\">\n\t\t<div class=\"elementor-element elementor-element-f52470d e-flex e-con-boxed e-con e-child\" data-id=\"f52470d\" data-element_type=\"container\">\n\t\t\t\t\t<div class=\"e-con-inner\">\n\t\t\t\t<div class=\"elementor-element elementor-element-6ffedb9 elementor-widget elementor-widget-text-editor\" data-id=\"6ffedb9\" data-element_type=\"widget\" data-widget_type=\"text-editor.default\">\n\t\t\t\t\t\t\t\t\t<p>Angesichts des Bildungsverbots f\u00fcr M\u00e4dchen in Afghanistan durch die Taliban hat der <strong data-start=\"214\" data-end=\"235\">Gharjistan Verein<\/strong> eine alternative L\u00f6sung ins Leben gerufen \u2013 die <strong data-start=\"284\" data-end=\"307\">Banou Online School<\/strong>.<br data-start=\"308\" data-end=\"311\" \/>Diese Schule bietet mit Unterst\u00fctzung von 15 Lehrerinnen und Lehrern in Afghanistan \u00fcber <strong data-start=\"400\" data-end=\"415\">300 M\u00e4dchen<\/strong> die M\u00f6glichkeit, sicher und im Geheimen von zu Hause aus zu lernen.<br data-start=\"483\" data-end=\"486\" \/>Ziel dieses Projekts ist es, <strong data-start=\"515\" data-end=\"562\">kostenlose, sichere und zug\u00e4ngliche Bildung<\/strong> f\u00fcr M\u00e4dchen bereitzustellen und die <strong data-start=\"599\" data-end=\"665\">persische Sprache als wichtigen Teil der kulturellen Identit\u00e4t<\/strong> zu bewahren.<\/p><p><a href=\"https:\/\/gharjistan.org\/?page_id=3883\" target=\"_blank\" rel=\"noopener\">[Mehr erfahen auf der Hauptseite]<\/a><\/p>\t\t\t\t\t\t\t\t<\/div>\n\t\t\t\t\t<\/div>\n\t\t\t\t<\/div>\n\t\t\t\t<\/div>\n\t\t<div id=\"e-n-tab-content-309987254\" role=\"tabpanel\" aria-labelledby=\"e-n-tab-title-309987254\" data-tab-index=\"4\" style=\"--n-tabs-title-order: 4;\" class=\" elementor-element elementor-element-c908c20 e-flex e-con-boxed e-con e-child\" data-id=\"c908c20\" data-element_type=\"container\">\n\t\t\t\t\t<div class=\"e-con-inner\">\n\t\t\t\t\t<\/div>\n\t\t\t\t<\/div>\n\t\t<div id=\"e-n-tab-content-309987255\" role=\"tabpanel\" aria-labelledby=\"e-n-tab-title-309987255\" data-tab-index=\"5\" style=\"--n-tabs-title-order: 5;\" class=\" elementor-element elementor-element-6b38331 e-flex e-con-boxed e-con e-child\" data-id=\"6b38331\" data-element_type=\"container\">\n\t\t\t\t\t<div class=\"e-con-inner\">\n\t\t\t\t\t<\/div>\n\t\t\t\t<\/div>\n\t\t<div id=\"e-n-tab-content-309987256\" role=\"tabpanel\" aria-labelledby=\"e-n-tab-title-309987256\" data-tab-index=\"6\" style=\"--n-tabs-title-order: 6;\" class=\" elementor-element elementor-element-cf1c68b e-flex e-con-boxed e-con e-child\" data-id=\"cf1c68b\" data-element_type=\"container\">\n\t\t\t\t\t<div class=\"e-con-inner\">\n\t\t<div class=\"elementor-element elementor-element-be8bf70 e-con-full e-flex e-con e-child\" data-id=\"be8bf70\" data-element_type=\"container\">\n\t\t\t\t<div class=\"elementor-element elementor-element-e75648e elementor-widget elementor-widget-text-editor\" data-id=\"e75648e\" data-element_type=\"widget\" data-widget_type=\"text-editor.default\">\n\t\t\t\t\t\t\t\t\t<p>Internationale Aufmerksamkeit f\u00fcr den V\u00f6lkermord an den Hazara<\/p>\n<p>Der Gharjistan Verein dokumentiert weltweite Proteste gegen den systematischen V\u00f6lkermord an den Hazara (#StopHazaraGenocide) und stellt sein Archiv Journalist:innen zur Verf\u00fcgung. Kanada hat den V\u00f6lkermord offiziell anerkannt \u2013 ein Schritt, dem weitere Demokratien folgen sollten.<\/p>\n<p><a href=\"https:\/\/gharjistan.org\/?page_id=3930\" target=\"_blank\" rel=\"noopener\">[Mehr erfahren auf der Hauptseite]<\/a><\/p>\n<p><a href=\"https:\/\/gharjistan.org\/?page_id=3932\" target=\"_blank\">Zum Archiv der Aktivit\u00e4ten<\/a><\/p>\t\t\t\t\t\t\t\t<\/div>\n\t\t\t\t<\/div>\n\t\t\t\t\t<\/div>\n\t\t\t\t<\/div>\n\t\t\t\t\t<\/div>\n\t\t<\/div>\n\t\t\t\t\t\t<\/div>\n\t\t\t\t\t<\/div>\n\t\t\t\t<\/div>\n\t\t<div class=\"elementor-element elementor-element-af20e1b e-con-full e-flex e-con e-parent\" data-id=\"af20e1b\" data-element_type=\"container\">\n\t\t\t\t<div class=\"elementor-element elementor-element-e0ada15 elementor-widget elementor-widget-text-editor\" data-id=\"e0ada15\" data-element_type=\"widget\" data-widget_type=\"text-editor.default\">\n\t\t\t\t\t\t\t\t\t<h2><span style=\"color: #0000ff;\"><strong>Vorteile der Zusammenarbeit:<\/strong><\/span><\/h2><ul><li data-start=\"2200\" data-end=\"2262\"><span style=\"color: #000000;\">Einen echten Unterschied in Migrantengemeinschaften bewirken<\/span><\/li><li data-start=\"2265\" data-end=\"2341\"><span style=\"color: #000000;\">Netzwerkaufbau mit Fachleuten, Freiwilligen und kulturellen Organisationen<\/span><\/li><li data-start=\"2344\" data-end=\"2409\"><span style=\"color: #000000;\">Praktische Erfahrungen in Bildungs- und Medienprojekten sammeln<\/span><\/li><li data-start=\"2412\" data-end=\"2477\"><span style=\"color: #000000;\">M\u00f6glichkeit, F\u00e4higkeiten zu pr\u00e4sentieren und sichtbar zu werden<\/span><\/li><\/ul>\t\t\t\t\t\t\t\t<\/div>\n\t\t\t\t<\/div>\n\t\t<div class=\"elementor-element elementor-element-7325b15 e-flex e-con-boxed e-con e-parent\" data-id=\"7325b15\" data-element_type=\"container\">\n\t\t\t\t\t<div class=\"e-con-inner\">\n\t\t\t\t<div class=\"elementor-element elementor-element-162fa72 elementor-widget elementor-widget-spacer\" data-id=\"162fa72\" data-element_type=\"widget\" data-widget_type=\"spacer.default\">\n\t\t\t\t\t\t\t<div class=\"elementor-spacer\">\n\t\t\t<div class=\"elementor-spacer-inner\"><\/div>\n\t\t<\/div>\n\t\t\t\t\t\t<\/div>\n\t\t\t\t\t<\/div>\n\t\t\t\t<\/div>\n\t\t<div class=\"elementor-element elementor-element-77f6982 e-flex e-con-boxed e-con e-parent\" data-id=\"77f6982\" data-element_type=\"container\">\n\t\t\t\t\t<div class=\"e-con-inner\">\n\t\t\t\t<div class=\"elementor-element elementor-element-8d179a7 elementor-arrows-position-outside elementor-pagination-position-outside elementor-widget elementor-widget-image-carousel\" data-id=\"8d179a7\" data-element_type=\"widget\" data-settings=\"{&quot;navigation&quot;:&quot;both&quot;,&quot;autoplay&quot;:&quot;yes&quot;,&quot;pause_on_hover&quot;:&quot;yes&quot;,&quot;pause_on_interaction&quot;:&quot;yes&quot;,&quot;autoplay_speed&quot;:5000,&quot;infinite&quot;:&quot;yes&quot;,&quot;speed&quot;:500}\" data-widget_type=\"image-carousel.default\">\n\t\t\t\t\t\t\t<div class=\"elementor-image-carousel-wrapper swiper\" role=\"region\" aria-roledescription=\"carousel\" aria-label=\"Image Carousel\" dir=\"ltr\">\n\t\t\t<div class=\"elementor-image-carousel swiper-wrapper\" aria-live=\"off\">\n\t\t\t\t\t\t\t\t<div class=\"swiper-slide\" role=\"group\" aria-roledescription=\"slide\" aria-label=\"1 of 8\"><figure class=\"swiper-slide-inner\"><img decoding=\"async\" class=\"swiper-slide-image\" src=\"https:\/\/gharjistan.org\/wp-content\/uploads\/2025\/10\/WhatsApp-Image-2025-10-07-at-10.36.40-150x150.jpeg\" alt=\"WhatsApp Image 2025-10-07 at 10.36.40\" \/><\/figure><\/div><div class=\"swiper-slide\" role=\"group\" aria-roledescription=\"slide\" aria-label=\"2 of 8\"><figure class=\"swiper-slide-inner\"><img decoding=\"async\" class=\"swiper-slide-image\" src=\"https:\/\/gharjistan.org\/wp-content\/uploads\/2025\/10\/7-150x150.jpeg\" alt=\"7\" \/><\/figure><\/div><div class=\"swiper-slide\" role=\"group\" aria-roledescription=\"slide\" aria-label=\"3 of 8\"><figure class=\"swiper-slide-inner\"><img decoding=\"async\" class=\"swiper-slide-image\" src=\"https:\/\/gharjistan.org\/wp-content\/uploads\/2025\/10\/6-150x150.jpeg\" alt=\"6\" \/><\/figure><\/div><div class=\"swiper-slide\" role=\"group\" aria-roledescription=\"slide\" aria-label=\"4 of 8\"><figure class=\"swiper-slide-inner\"><img decoding=\"async\" class=\"swiper-slide-image\" src=\"https:\/\/gharjistan.org\/wp-content\/uploads\/2025\/10\/5-150x150.jpeg\" alt=\"5\" \/><\/figure><\/div><div class=\"swiper-slide\" role=\"group\" aria-roledescription=\"slide\" aria-label=\"5 of 8\"><figure class=\"swiper-slide-inner\"><img decoding=\"async\" class=\"swiper-slide-image\" src=\"https:\/\/gharjistan.org\/wp-content\/uploads\/2025\/10\/4-150x150.jpeg\" alt=\"4\" \/><\/figure><\/div><div class=\"swiper-slide\" role=\"group\" aria-roledescription=\"slide\" aria-label=\"6 of 8\"><figure class=\"swiper-slide-inner\"><img decoding=\"async\" class=\"swiper-slide-image\" src=\"https:\/\/gharjistan.org\/wp-content\/uploads\/2025\/10\/3-150x150.jpeg\" alt=\"3\" \/><\/figure><\/div><div class=\"swiper-slide\" role=\"group\" aria-roledescription=\"slide\" aria-label=\"7 of 8\"><figure class=\"swiper-slide-inner\"><img decoding=\"async\" class=\"swiper-slide-image\" src=\"https:\/\/gharjistan.org\/wp-content\/uploads\/2025\/10\/2-150x150.jpeg\" alt=\"2\" \/><\/figure><\/div><div class=\"swiper-slide\" role=\"group\" aria-roledescription=\"slide\" aria-label=\"8 of 8\"><figure class=\"swiper-slide-inner\"><img decoding=\"async\" class=\"swiper-slide-image\" src=\"https:\/\/gharjistan.org\/wp-content\/uploads\/2025\/10\/1-1-150x150.jpeg\" alt=\"1\" \/><\/figure><\/div>\t\t\t<\/div>\n\t\t\t\t\t\t\t\t\t\t\t\t<div class=\"elementor-swiper-button elementor-swiper-button-prev\" role=\"button\" tabindex=\"0\">\n\t\t\t\t\t\t<svg aria-hidden=\"true\" class=\"e-font-icon-svg e-eicon-chevron-left\" viewBox=\"0 0 1000 1000\" xmlns=\"http:\/\/www.w3.org\/2000\/svg\"><path d=\"M646 125C629 125 613 133 604 142L308 442C296 454 292 471 292 487 292 504 296 521 308 533L604 854C617 867 629 875 646 875 663 875 679 871 692 858 704 846 713 829 713 812 713 796 708 779 692 767L438 487 692 225C700 217 708 204 708 187 708 171 704 154 692 142 675 129 663 125 646 125Z\"><\/path><\/svg>\t\t\t\t\t<\/div>\n\t\t\t\t\t<div class=\"elementor-swiper-button elementor-swiper-button-next\" role=\"button\" tabindex=\"0\">\n\t\t\t\t\t\t<svg aria-hidden=\"true\" class=\"e-font-icon-svg e-eicon-chevron-right\" viewBox=\"0 0 1000 1000\" xmlns=\"http:\/\/www.w3.org\/2000\/svg\"><path d=\"M696 533C708 521 713 504 713 487 713 471 708 454 696 446L400 146C388 133 375 125 354 125 338 125 325 129 313 142 300 154 292 171 292 187 292 204 296 221 308 233L563 492 304 771C292 783 288 800 288 817 288 833 296 850 308 863 321 871 338 875 354 875 371 875 388 867 400 854L696 533Z\"><\/path><\/svg>\t\t\t\t\t<\/div>\n\t\t\t\t\n\t\t\t\t\t\t\t\t\t<div class=\"swiper-pagination\"><\/div>\n\t\t\t\t\t\t\t\t\t<\/div>\n\t\t\t\t\t\t<\/div>\n\t\t\t\t\t<\/div>\n\t\t\t\t<\/div>\n\t\t<div class=\"elementor-element elementor-element-3bdca88 e-flex e-con-boxed e-con e-parent\" data-id=\"3bdca88\" data-element_type=\"container\">\n\t\t\t\t\t<div class=\"e-con-inner\">\n\t\t<div class=\"elementor-element elementor-element-b8787db e-con-full e-flex e-con e-child\" data-id=\"b8787db\" data-element_type=\"container\">\n\t\t\t\t<div class=\"elementor-element elementor-element-1e85d35 elementor-widget elementor-widget-heading\" data-id=\"1e85d35\" data-element_type=\"widget\" data-widget_type=\"heading.default\">\n\t\t\t\t\t<h2 class=\"elementor-heading-title elementor-size-default\">Wie kann man mitwirken?<\/h2>\t\t\t\t<\/div>\n\t\t\t\t<\/div>\n\t\t\t\t<div class=\"elementor-element elementor-element-f344f9c elementor-widget elementor-widget-text-editor\" data-id=\"f344f9c\" data-element_type=\"widget\" data-widget_type=\"text-editor.default\">\n\t\t\t\t\t\t\t\t\t<p data-start=\"172\" data-end=\"206\"><span style=\"color: #0000ff;\"><strong data-start=\"172\" data-end=\"204\">Erforderliche Informationen:<\/strong><\/span><\/p><ul><li data-start=\"209\" data-end=\"215\"><span style=\"color: #000000;\">Name<\/span><\/li><li data-start=\"218\" data-end=\"234\"><span style=\"color: #000000;\">E-Mail-AdresseArt der gew\u00fcnschten Zusammenarbeit<\/span><\/li><li data-start=\"276\" data-end=\"304\"><span style=\"color: #000000;\">Erfahrung oder F\u00e4higkeiten<\/span><\/li><li data-start=\"307\" data-end=\"327\"><span style=\"color: #000000;\">Kurze Beschreibung<\/span><\/li><\/ul><p data-start=\"329\" data-end=\"439\"><span style=\"color: #0000ff;\"><strong data-start=\"329\" data-end=\"366\">Senden Sie Ihre Informationen an:<\/strong><\/span><\/p>\t\t\t\t\t\t\t\t<\/div>\n\t\t\t\t\t<\/div>\n\t\t\t\t<\/div>\n\t\t\t\t<\/div>\n\t\t","protected":false},"excerpt":{"rendered":"<p>Gemeinsam mehr erreichen \u2013 Collaboration mit Gharjistan e.V Wir arbeiten mit Freiwilligen, Medienprojekten, kulturellen Organisationen und Partnern zusammen, um Migrantinnen&hellip;<\/p>\n","protected":false},"author":3,"featured_media":0,"parent":0,"menu_order":0,"comment_status":"closed","ping_status":"closed","template":"","meta":{"give_campaign_id":0,"footnotes":""},"class_list":["post-3639","page","type-page","status-publish","hentry"],"campaignId":"","_links":{"self":[{"href":"https:\/\/gharjistan.org\/index.php?rest_route=\/wp\/v2\/pages\/3639","targetHints":{"allow":["GET"]}}],"collection":[{"href":"https:\/\/gharjistan.org\/index.php?rest_route=\/wp\/v2\/pages"}],"about":[{"href":"https:\/\/gharjistan.org\/index.php?rest_route=\/wp\/v2\/types\/page"}],"author":[{"embeddable":true,"href":"https:\/\/gharjistan.org\/index.php?rest_route=\/wp\/v2\/users\/3"}],"replies":[{"embeddable":true,"href":"https:\/\/gharjistan.org\/index.php?rest_route=%2Fwp%2Fv2%2Fcomments&post=3639"}],"version-history":[{"count":103,"href":"https:\/\/gharjistan.org\/index.php?rest_route=\/wp\/v2\/pages\/3639\/revisions"}],"predecessor-version":[{"id":3955,"href":"https:\/\/gharjistan.org\/index.php?rest_route=\/wp\/v2\/pages\/3639\/revisions\/3955"}],"wp:attachment":[{"href":"https:\/\/gharjistan.org\/index.php?rest_route=%2Fwp%2Fv2%2Fmedia&parent=3639"}],"curies":[{"name":"wp","href":"https:\/\/api.w.org\/{rel}","templated":true}]}}